{"id":225,"date":"2018-04-06T11:05:43","date_gmt":"2018-04-06T09:05:43","guid":{"rendered":"https:\/\/tipykeyboard.com\/?page_id=225"},"modified":"2023-06-04T18:07:57","modified_gmt":"2023-06-04T16:07:57","slug":"news","status":"publish","type":"page","link":"https:\/\/tipykeyboard.com\/en\/news\/","title":{"rendered":"News"},"content":{"rendered":"","protected":false},"excerpt":{"rendered":"","protected":false},"author":1,"featured_media":10398,"parent":0,"menu_order":12,"comment_status":"closed","ping_status":"closed","template":"templates\/blog-masonry.php","meta":{"footnotes":""},"class_list":["post-225","page","type-page","status-publish","has-post-thumbnail","hentry"],"yoast_head":"<!-- This site is optimized with the Yoast SEO plugin v27.3 - https:\/\/yoast.com\/product\/yoast-seo-wordpress\/ -->\n<title>Tipy Keyboard &#8211; News<\/title>\n<meta name=\"description\" content=\"News about the TiPY keyboard, the one handed keyboard.\" \/>\n<meta name=\"robots\" content=\"index, follow, max-snippet:-1, max-image-preview:large, max-video-preview:-1\" \/>\n<link rel=\"canonical\" href=\"https:\/\/tipykeyboard.com\/en\/news\/\" \/>\n<meta property=\"og:locale\" content=\"en_US\" \/>\n<meta property=\"og:type\" content=\"article\" \/>\n<meta property=\"og:title\" content=\"Tipy Keyboard &#8211; News\" \/>\n<meta property=\"og:description\" content=\"News about the TiPY keyboard, the one handed keyboard.\" \/>\n<meta property=\"og:url\" content=\"https:\/\/tipykeyboard.com\/en\/news\/\" \/>\n<meta property=\"og:site_name\" content=\"Tipy Keyboard\" \/>\n<meta property=\"article:publisher\" content=\"https:\/\/www.facebook.com\/TiPYkeyboard\" \/>\n<meta property=\"article:modified_time\" content=\"2023-06-04T16:07:57+00:00\" \/>\n<meta property=\"og:image\" content=\"https:\/\/tipykeyboard.com\/wp-content\/uploads\/2020\/08\/Tipy-keyboard-Einhandtastatur-one-hand-keyboard-right-sideside.png\" \/>\n\t<meta property=\"og:image:width\" content=\"1920\" \/>\n\t<meta property=\"og:image:height\" content=\"1440\" \/>\n\t<meta property=\"og:image:type\" content=\"image\/png\" \/>\n<meta name=\"twitter:card\" content=\"summary_large_image\" \/>\n<meta name=\"twitter:site\" content=\"@TipyKeyboard\" \/>\n<script type=\"application\/ld+json\" class=\"yoast-schema-graph\">{\"@context\":\"https:\\\/\\\/schema.org\",\"@graph\":[{\"@type\":\"WebPage\",\"@id\":\"https:\\\/\\\/tipykeyboard.com\\\/en\\\/news\\\/\",\"url\":\"https:\\\/\\\/tipykeyboard.com\\\/en\\\/news\\\/\",\"name\":\"Tipy Keyboard &#8211; News\",\"isPartOf\":{\"@id\":\"https:\\\/\\\/tipykeyboard.com\\\/en\\\/#website\"},\"primaryImageOfPage\":{\"@id\":\"https:\\\/\\\/tipykeyboard.com\\\/en\\\/news\\\/#primaryimage\"},\"image\":{\"@id\":\"https:\\\/\\\/tipykeyboard.com\\\/en\\\/news\\\/#primaryimage\"},\"thumbnailUrl\":\"https:\\\/\\\/tipykeyboard.com\\\/wp-content\\\/uploads\\\/2018\\\/04\\\/\u200eTiPY-Keyboard-onehand-einhand-Homepage-lr.png\",\"datePublished\":\"2018-04-06T09:05:43+00:00\",\"dateModified\":\"2023-06-04T16:07:57+00:00\",\"description\":\"News about the TiPY keyboard, the one handed keyboard.\",\"breadcrumb\":{\"@id\":\"https:\\\/\\\/tipykeyboard.com\\\/en\\\/news\\\/#breadcrumb\"},\"inLanguage\":\"en-US\",\"potentialAction\":[{\"@type\":\"ReadAction\",\"target\":[\"https:\\\/\\\/tipykeyboard.com\\\/en\\\/news\\\/\"]}]},{\"@type\":\"ImageObject\",\"inLanguage\":\"en-US\",\"@id\":\"https:\\\/\\\/tipykeyboard.com\\\/en\\\/news\\\/#primaryimage\",\"url\":\"https:\\\/\\\/tipykeyboard.com\\\/wp-content\\\/uploads\\\/2018\\\/04\\\/\u200eTiPY-Keyboard-onehand-einhand-Homepage-lr.png\",\"contentUrl\":\"https:\\\/\\\/tipykeyboard.com\\\/wp-content\\\/uploads\\\/2018\\\/04\\\/\u200eTiPY-Keyboard-onehand-einhand-Homepage-lr.png\",\"width\":1200,\"height\":630,\"caption\":\"Tipy, Keyboard, Tastatur, Einhand, Einhandtastatur, Hand, One, Computer, Barrierefrei, disabled, one handed keyboard, single, amputee, Behinderung, Eingabeger\u00e4t, single handed keyboard,input device, handed, Rechtsh\u00e4nder, Linksh\u00e4nder, Einh\u00e4nder, Links, Rechts, Right, Left, Schule, School, Five, finger, typing, Bildung, Inklusion, Presse\"},{\"@type\":\"BreadcrumbList\",\"@id\":\"https:\\\/\\\/tipykeyboard.com\\\/en\\\/news\\\/#breadcrumb\",\"itemListElement\":[{\"@type\":\"ListItem\",\"position\":1,\"name\":\"Startseite\",\"item\":\"https:\\\/\\\/tipykeyboard.com\\\/en\\\/\"},{\"@type\":\"ListItem\",\"position\":2,\"name\":\"News\"}]},{\"@type\":\"WebSite\",\"@id\":\"https:\\\/\\\/tipykeyboard.com\\\/en\\\/#website\",\"url\":\"https:\\\/\\\/tipykeyboard.com\\\/en\\\/\",\"name\":\"Tipy Keyboard\",\"description\":\"Eine Tastatur Eine Hand\",\"publisher\":{\"@id\":\"https:\\\/\\\/tipykeyboard.com\\\/en\\\/#organization\"},\"alternateName\":\"TiPY\",\"potentialAction\":[{\"@type\":\"SearchAction\",\"target\":{\"@type\":\"EntryPoint\",\"urlTemplate\":\"https:\\\/\\\/tipykeyboard.com\\\/en\\\/?s={search_term_string}\"},\"query-input\":{\"@type\":\"PropertyValueSpecification\",\"valueRequired\":true,\"valueName\":\"search_term_string\"}}],\"inLanguage\":\"en-US\"},{\"@type\":\"Organization\",\"@id\":\"https:\\\/\\\/tipykeyboard.com\\\/en\\\/#organization\",\"name\":\"TiPY Keyboard\",\"alternateName\":\"TiPY\",\"url\":\"https:\\\/\\\/tipykeyboard.com\\\/en\\\/\",\"logo\":{\"@type\":\"ImageObject\",\"inLanguage\":\"en-US\",\"@id\":\"https:\\\/\\\/tipykeyboard.com\\\/en\\\/#\\\/schema\\\/logo\\\/image\\\/\",\"url\":\"https:\\\/\\\/tipykeyboard.com\\\/wp-content\\\/uploads\\\/2018\\\/04\\\/TiPY-Keyboard-Google-Logo2.png\",\"contentUrl\":\"https:\\\/\\\/tipykeyboard.com\\\/wp-content\\\/uploads\\\/2018\\\/04\\\/TiPY-Keyboard-Google-Logo2.png\",\"width\":512,\"height\":512,\"caption\":\"TiPY Keyboard\"},\"image\":{\"@id\":\"https:\\\/\\\/tipykeyboard.com\\\/en\\\/#\\\/schema\\\/logo\\\/image\\\/\"},\"sameAs\":[\"https:\\\/\\\/www.facebook.com\\\/TiPYkeyboard\",\"https:\\\/\\\/x.com\\\/TipyKeyboard\"]}]}<\/script>\n<!-- \/ Yoast SEO plugin. -->","yoast_head_json":{"title":"Tipy Keyboard &#8211; News","description":"News about the TiPY keyboard, the one handed keyboard.","robots":{"index":"index","follow":"follow","max-snippet":"max-snippet:-1","max-image-preview":"max-image-preview:large","max-video-preview":"max-video-preview:-1"},"canonical":"https:\/\/tipykeyboard.com\/en\/news\/","og_locale":"en_US","og_type":"article","og_title":"Tipy Keyboard &#8211; News","og_description":"News about the TiPY keyboard, the one handed keyboard.","og_url":"https:\/\/tipykeyboard.com\/en\/news\/","og_site_name":"Tipy Keyboard","article_publisher":"https:\/\/www.facebook.com\/TiPYkeyboard","article_modified_time":"2023-06-04T16:07:57+00:00","og_image":[{"width":1920,"height":1440,"url":"https:\/\/tipykeyboard.com\/wp-content\/uploads\/2020\/08\/Tipy-keyboard-Einhandtastatur-one-hand-keyboard-right-sideside.png","type":"image\/png"}],"twitter_card":"summary_large_image","twitter_site":"@TipyKeyboard","schema":{"@context":"https:\/\/schema.org","@graph":[{"@type":"WebPage","@id":"https:\/\/tipykeyboard.com\/en\/news\/","url":"https:\/\/tipykeyboard.com\/en\/news\/","name":"Tipy Keyboard &#8211; News","isPartOf":{"@id":"https:\/\/tipykeyboard.com\/en\/#website"},"primaryImageOfPage":{"@id":"https:\/\/tipykeyboard.com\/en\/news\/#primaryimage"},"image":{"@id":"https:\/\/tipykeyboard.com\/en\/news\/#primaryimage"},"thumbnailUrl":"https:\/\/tipykeyboard.com\/wp-content\/uploads\/2018\/04\/\u200eTiPY-Keyboard-onehand-einhand-Homepage-lr.png","datePublished":"2018-04-06T09:05:43+00:00","dateModified":"2023-06-04T16:07:57+00:00","description":"News about the TiPY keyboard, the one handed keyboard.","breadcrumb":{"@id":"https:\/\/tipykeyboard.com\/en\/news\/#breadcrumb"},"inLanguage":"en-US","potentialAction":[{"@type":"ReadAction","target":["https:\/\/tipykeyboard.com\/en\/news\/"]}]},{"@type":"ImageObject","inLanguage":"en-US","@id":"https:\/\/tipykeyboard.com\/en\/news\/#primaryimage","url":"https:\/\/tipykeyboard.com\/wp-content\/uploads\/2018\/04\/\u200eTiPY-Keyboard-onehand-einhand-Homepage-lr.png","contentUrl":"https:\/\/tipykeyboard.com\/wp-content\/uploads\/2018\/04\/\u200eTiPY-Keyboard-onehand-einhand-Homepage-lr.png","width":1200,"height":630,"caption":"Tipy, Keyboard, Tastatur, Einhand, Einhandtastatur, Hand, One, Computer, Barrierefrei, disabled, one handed keyboard, single, amputee, Behinderung, Eingabeger\u00e4t, single handed keyboard,input device, handed, Rechtsh\u00e4nder, Linksh\u00e4nder, Einh\u00e4nder, Links, Rechts, Right, Left, Schule, School, Five, finger, typing, Bildung, Inklusion, Presse"},{"@type":"BreadcrumbList","@id":"https:\/\/tipykeyboard.com\/en\/news\/#breadcrumb","itemListElement":[{"@type":"ListItem","position":1,"name":"Startseite","item":"https:\/\/tipykeyboard.com\/en\/"},{"@type":"ListItem","position":2,"name":"News"}]},{"@type":"WebSite","@id":"https:\/\/tipykeyboard.com\/en\/#website","url":"https:\/\/tipykeyboard.com\/en\/","name":"Tipy Keyboard","description":"Eine Tastatur Eine Hand","publisher":{"@id":"https:\/\/tipykeyboard.com\/en\/#organization"},"alternateName":"TiPY","potentialAction":[{"@type":"SearchAction","target":{"@type":"EntryPoint","urlTemplate":"https:\/\/tipykeyboard.com\/en\/?s={search_term_string}"},"query-input":{"@type":"PropertyValueSpecification","valueRequired":true,"valueName":"search_term_string"}}],"inLanguage":"en-US"},{"@type":"Organization","@id":"https:\/\/tipykeyboard.com\/en\/#organization","name":"TiPY Keyboard","alternateName":"TiPY","url":"https:\/\/tipykeyboard.com\/en\/","logo":{"@type":"ImageObject","inLanguage":"en-US","@id":"https:\/\/tipykeyboard.com\/en\/#\/schema\/logo\/image\/","url":"https:\/\/tipykeyboard.com\/wp-content\/uploads\/2018\/04\/TiPY-Keyboard-Google-Logo2.png","contentUrl":"https:\/\/tipykeyboard.com\/wp-content\/uploads\/2018\/04\/TiPY-Keyboard-Google-Logo2.png","width":512,"height":512,"caption":"TiPY Keyboard"},"image":{"@id":"https:\/\/tipykeyboard.com\/en\/#\/schema\/logo\/image\/"},"sameAs":["https:\/\/www.facebook.com\/TiPYkeyboard","https:\/\/x.com\/TipyKeyboard"]}]}},"_links":{"self":[{"href":"https:\/\/tipykeyboard.com\/en\/wp-json\/wp\/v2\/pages\/225","targetHints":{"allow":["GET"]}}],"collection":[{"href":"https:\/\/tipykeyboard.com\/en\/wp-json\/wp\/v2\/pages"}],"about":[{"href":"https:\/\/tipykeyboard.com\/en\/wp-json\/wp\/v2\/types\/page"}],"author":[{"embeddable":true,"href":"https:\/\/tipykeyboard.com\/en\/wp-json\/wp\/v2\/users\/1"}],"replies":[{"embeddable":true,"href":"https:\/\/tipykeyboard.com\/en\/wp-json\/wp\/v2\/comments?post=225"}],"version-history":[{"count":3,"href":"https:\/\/tipykeyboard.com\/en\/wp-json\/wp\/v2\/pages\/225\/revisions"}],"predecessor-version":[{"id":8986,"href":"https:\/\/tipykeyboard.com\/en\/wp-json\/wp\/v2\/pages\/225\/revisions\/8986"}],"wp:featuredmedia":[{"embeddable":true,"href":"https:\/\/tipykeyboard.com\/en\/wp-json\/wp\/v2\/media\/10398"}],"wp:attachment":[{"href":"https:\/\/tipykeyboard.com\/en\/wp-json\/wp\/v2\/media?parent=225"}],"curies":[{"name":"wp","href":"https:\/\/api.w.org\/{rel}","templated":true}]}}