{"id":8235,"date":"2018-09-19T19:07:48","date_gmt":"2018-09-19T17:07:48","guid":{"rendered":"https:\/\/tipykeyboard.com\/my-account\/"},"modified":"2025-02-24T15:40:46","modified_gmt":"2025-02-24T14:40:46","slug":"my-account","status":"publish","type":"page","link":"https:\/\/tipykeyboard.com\/en\/my-account\/","title":{"rendered":"My Account"},"content":{"rendered":"\t\t<div data-elementor-type=\"wp-page\" data-elementor-id=\"8235\" class=\"elementor elementor-8235 elementor-2504\" data-elementor-post-type=\"page\">\n\t\t\t\t\t\t<section class=\"elementor-section elementor-top-section elementor-element elementor-element-2366e960 elementor-section-boxed elementor-section-height-default elementor-section-height-default\" data-id=\"2366e960\" data-element_type=\"section\" data-e-type=\"section\">\n\t\t\t\t\t\t<div class=\"elementor-container elementor-column-gap-default\">\n\t\t\t\t\t<div class=\"elementor-column elementor-col-100 elementor-top-column elementor-element elementor-element-212cb3bd\" data-id=\"212cb3bd\" data-element_type=\"column\" data-e-type=\"column\">\n\t\t\t<div class=\"elementor-widget-wrap elementor-element-populated\">\n\t\t\t\t\t\t<div class=\"elementor-element elementor-element-4d528663 elementor-widget elementor-widget-text-editor\" data-id=\"4d528663\" data-element_type=\"widget\" data-e-type=\"widget\" data-widget_type=\"text-editor.default\">\n\t\t\t\t<div class=\"elementor-widget-container\">\n\t\t\t\t\t\t\t\t\t<p><div class=\"woocommerce\"><\/div><\/p>\t\t\t\t\t\t\t\t<\/div>\n\t\t\t\t<\/div>\n\t\t\t\t\t<\/div>\n\t\t<\/div>\n\t\t\t\t\t<\/div>\n\t\t<\/section>\n\t\t\t\t<section class=\"elementor-section elementor-top-section elementor-element elementor-element-a21116d order-status-login elementor-section-boxed elementor-section-height-default elementor-section-height-default\" data-id=\"a21116d\" data-element_type=\"section\" data-e-type=\"section\" data-settings=\"{&quot;background_background&quot;:&quot;classic&quot;}\">\n\t\t\t\t\t\t<div class=\"elementor-container elementor-column-gap-default\">\n\t\t\t\t\t<div class=\"elementor-column elementor-col-100 elementor-top-column elementor-element elementor-element-e5ded1c\" data-id=\"e5ded1c\" data-element_type=\"column\" data-e-type=\"column\">\n\t\t\t<div class=\"elementor-widget-wrap elementor-element-populated\">\n\t\t\t\t\t\t<div class=\"elementor-element elementor-element-b545ece th-btn-align-left elementor-widget elementor-widget-themo-button\" data-id=\"b545ece\" data-element_type=\"widget\" data-e-type=\"widget\" data-widget_type=\"themo-button.default\">\n\t\t\t\t<div class=\"elementor-widget-container\">\n\t\t\t\t\t\n                \t\t\t<a class=\"btn-1 btn th-btn btn-standard-primary\" href=\"https:\/\/tipykeyboard.com\/en\/shop_en\/\">\n\t\t\t\t\t\t\t\t\tVisit Shop\t\t\t\t\t\t\t<\/a>\n\t\t\n        \n\t\t\t\t\t\t<\/div>\n\t\t\t\t<\/div>\n\t\t\t\t<div class=\"elementor-element elementor-element-a7eb55b elementor-widget elementor-widget-text-editor\" data-id=\"a7eb55b\" data-element_type=\"widget\" data-e-type=\"widget\" data-widget_type=\"text-editor.default\">\n\t\t\t\t<div class=\"elementor-widget-container\">\n\t\t\t\t\t\t\t\t\t<p><\/p><h2>Order Status<\/h2><p><div class=\"woocommerce\"><\/div><\/p>\t\t\t\t\t\t\t\t<\/div>\n\t\t\t\t<\/div>\n\t\t\t\t\t<\/div>\n\t\t<\/div>\n\t\t\t\t\t<\/div>\n\t\t<\/section>\n\t\t\t\t<\/div>\n\t\t","protected":false},"excerpt":{"rendered":"<p>Visit Shop Order Status<\/p>\n","protected":false},"author":1,"featured_media":10398,"parent":0,"menu_order":0,"comment_status":"closed","ping_status":"closed","template":"","meta":{"footnotes":""},"class_list":["post-8235","page","type-page","status-publish","has-post-thumbnail","hentry"],"yoast_head":"<!-- This site is optimized with the Yoast SEO plugin v27.3 - https:\/\/yoast.com\/product\/yoast-seo-wordpress\/ -->\n<title>Tipy Keyboard &#8211; My Account<\/title>\n<meta name=\"robots\" content=\"index, follow, max-snippet:-1, max-image-preview:large, max-video-preview:-1\" \/>\n<link rel=\"canonical\" href=\"https:\/\/tipykeyboard.com\/en\/my-account\/\" \/>\n<meta property=\"og:locale\" content=\"en_US\" \/>\n<meta property=\"og:type\" content=\"article\" \/>\n<meta property=\"og:title\" content=\"Tipy Keyboard &#8211; My Account\" \/>\n<meta property=\"og:description\" content=\"Visit Shop Order Status\" \/>\n<meta property=\"og:url\" content=\"https:\/\/tipykeyboard.com\/en\/my-account\/\" \/>\n<meta property=\"og:site_name\" content=\"Tipy Keyboard\" \/>\n<meta property=\"article:publisher\" content=\"https:\/\/www.facebook.com\/TiPYkeyboard\" \/>\n<meta property=\"article:modified_time\" content=\"2025-02-24T14:40:46+00:00\" \/>\n<meta property=\"og:image\" content=\"https:\/\/tipykeyboard.com\/wp-content\/uploads\/2018\/04\/\u200eTiPY-Keyboard-onehand-einhand-Homepage-lr.png\" \/>\n\t<meta property=\"og:image:width\" content=\"1200\" \/>\n\t<meta property=\"og:image:height\" content=\"630\" \/>\n\t<meta property=\"og:image:type\" content=\"image\/png\" \/>\n<meta name=\"twitter:card\" content=\"summary_large_image\" \/>\n<meta name=\"twitter:site\" content=\"@TipyKeyboard\" \/>\n<meta name=\"twitter:label1\" content=\"Est. reading time\" \/>\n\t<meta name=\"twitter:data1\" content=\"1 minute\" \/>\n<script type=\"application\/ld+json\" class=\"yoast-schema-graph\">{\"@context\":\"https:\\\/\\\/schema.org\",\"@graph\":[{\"@type\":\"WebPage\",\"@id\":\"https:\\\/\\\/tipykeyboard.com\\\/en\\\/my-account\\\/\",\"url\":\"https:\\\/\\\/tipykeyboard.com\\\/en\\\/my-account\\\/\",\"name\":\"Tipy Keyboard &#8211; My Account\",\"isPartOf\":{\"@id\":\"https:\\\/\\\/tipykeyboard.com\\\/en\\\/#website\"},\"primaryImageOfPage\":{\"@id\":\"https:\\\/\\\/tipykeyboard.com\\\/en\\\/my-account\\\/#primaryimage\"},\"image\":{\"@id\":\"https:\\\/\\\/tipykeyboard.com\\\/en\\\/my-account\\\/#primaryimage\"},\"thumbnailUrl\":\"https:\\\/\\\/tipykeyboard.com\\\/wp-content\\\/uploads\\\/2018\\\/04\\\/\u200eTiPY-Keyboard-onehand-einhand-Homepage-lr.png\",\"datePublished\":\"2018-09-19T17:07:48+00:00\",\"dateModified\":\"2025-02-24T14:40:46+00:00\",\"breadcrumb\":{\"@id\":\"https:\\\/\\\/tipykeyboard.com\\\/en\\\/my-account\\\/#breadcrumb\"},\"inLanguage\":\"en-US\",\"potentialAction\":[{\"@type\":\"ReadAction\",\"target\":[\"https:\\\/\\\/tipykeyboard.com\\\/en\\\/my-account\\\/\"]}]},{\"@type\":\"ImageObject\",\"inLanguage\":\"en-US\",\"@id\":\"https:\\\/\\\/tipykeyboard.com\\\/en\\\/my-account\\\/#primaryimage\",\"url\":\"https:\\\/\\\/tipykeyboard.com\\\/wp-content\\\/uploads\\\/2018\\\/04\\\/\u200eTiPY-Keyboard-onehand-einhand-Homepage-lr.png\",\"contentUrl\":\"https:\\\/\\\/tipykeyboard.com\\\/wp-content\\\/uploads\\\/2018\\\/04\\\/\u200eTiPY-Keyboard-onehand-einhand-Homepage-lr.png\",\"width\":1200,\"height\":630,\"caption\":\"Tipy, Keyboard, Tastatur, Einhand, Einhandtastatur, Hand, One, Computer, Barrierefrei, disabled, one handed keyboard, single, amputee, Behinderung, Eingabeger\u00e4t, single handed keyboard,input device, handed, Rechtsh\u00e4nder, Linksh\u00e4nder, Einh\u00e4nder, Links, Rechts, Right, Left, Schule, School, Five, finger, typing, Bildung, Inklusion, Presse\"},{\"@type\":\"BreadcrumbList\",\"@id\":\"https:\\\/\\\/tipykeyboard.com\\\/en\\\/my-account\\\/#breadcrumb\",\"itemListElement\":[{\"@type\":\"ListItem\",\"position\":1,\"name\":\"Startseite\",\"item\":\"https:\\\/\\\/tipykeyboard.com\\\/en\\\/\"},{\"@type\":\"ListItem\",\"position\":2,\"name\":\"My Account\"}]},{\"@type\":\"WebSite\",\"@id\":\"https:\\\/\\\/tipykeyboard.com\\\/en\\\/#website\",\"url\":\"https:\\\/\\\/tipykeyboard.com\\\/en\\\/\",\"name\":\"Tipy Keyboard\",\"description\":\"Eine Tastatur Eine Hand\",\"publisher\":{\"@id\":\"https:\\\/\\\/tipykeyboard.com\\\/en\\\/#organization\"},\"alternateName\":\"TiPY\",\"potentialAction\":[{\"@type\":\"SearchAction\",\"target\":{\"@type\":\"EntryPoint\",\"urlTemplate\":\"https:\\\/\\\/tipykeyboard.com\\\/en\\\/?s={search_term_string}\"},\"query-input\":{\"@type\":\"PropertyValueSpecification\",\"valueRequired\":true,\"valueName\":\"search_term_string\"}}],\"inLanguage\":\"en-US\"},{\"@type\":\"Organization\",\"@id\":\"https:\\\/\\\/tipykeyboard.com\\\/en\\\/#organization\",\"name\":\"TiPY Keyboard\",\"alternateName\":\"TiPY\",\"url\":\"https:\\\/\\\/tipykeyboard.com\\\/en\\\/\",\"logo\":{\"@type\":\"ImageObject\",\"inLanguage\":\"en-US\",\"@id\":\"https:\\\/\\\/tipykeyboard.com\\\/en\\\/#\\\/schema\\\/logo\\\/image\\\/\",\"url\":\"https:\\\/\\\/tipykeyboard.com\\\/wp-content\\\/uploads\\\/2018\\\/04\\\/TiPY-Keyboard-Google-Logo2.png\",\"contentUrl\":\"https:\\\/\\\/tipykeyboard.com\\\/wp-content\\\/uploads\\\/2018\\\/04\\\/TiPY-Keyboard-Google-Logo2.png\",\"width\":512,\"height\":512,\"caption\":\"TiPY Keyboard\"},\"image\":{\"@id\":\"https:\\\/\\\/tipykeyboard.com\\\/en\\\/#\\\/schema\\\/logo\\\/image\\\/\"},\"sameAs\":[\"https:\\\/\\\/www.facebook.com\\\/TiPYkeyboard\",\"https:\\\/\\\/x.com\\\/TipyKeyboard\"]}]}<\/script>\n<!-- \/ Yoast SEO plugin. -->","yoast_head_json":{"title":"Tipy Keyboard &#8211; My Account","robots":{"index":"index","follow":"follow","max-snippet":"max-snippet:-1","max-image-preview":"max-image-preview:large","max-video-preview":"max-video-preview:-1"},"canonical":"https:\/\/tipykeyboard.com\/en\/my-account\/","og_locale":"en_US","og_type":"article","og_title":"Tipy Keyboard &#8211; My Account","og_description":"Visit Shop Order Status","og_url":"https:\/\/tipykeyboard.com\/en\/my-account\/","og_site_name":"Tipy Keyboard","article_publisher":"https:\/\/www.facebook.com\/TiPYkeyboard","article_modified_time":"2025-02-24T14:40:46+00:00","og_image":[{"width":1200,"height":630,"url":"https:\/\/tipykeyboard.com\/wp-content\/uploads\/2018\/04\/\u200eTiPY-Keyboard-onehand-einhand-Homepage-lr.png","type":"image\/png"}],"twitter_card":"summary_large_image","twitter_site":"@TipyKeyboard","twitter_misc":{"Est. reading time":"1 minute"},"schema":{"@context":"https:\/\/schema.org","@graph":[{"@type":"WebPage","@id":"https:\/\/tipykeyboard.com\/en\/my-account\/","url":"https:\/\/tipykeyboard.com\/en\/my-account\/","name":"Tipy Keyboard &#8211; My Account","isPartOf":{"@id":"https:\/\/tipykeyboard.com\/en\/#website"},"primaryImageOfPage":{"@id":"https:\/\/tipykeyboard.com\/en\/my-account\/#primaryimage"},"image":{"@id":"https:\/\/tipykeyboard.com\/en\/my-account\/#primaryimage"},"thumbnailUrl":"https:\/\/tipykeyboard.com\/wp-content\/uploads\/2018\/04\/\u200eTiPY-Keyboard-onehand-einhand-Homepage-lr.png","datePublished":"2018-09-19T17:07:48+00:00","dateModified":"2025-02-24T14:40:46+00:00","breadcrumb":{"@id":"https:\/\/tipykeyboard.com\/en\/my-account\/#breadcrumb"},"inLanguage":"en-US","potentialAction":[{"@type":"ReadAction","target":["https:\/\/tipykeyboard.com\/en\/my-account\/"]}]},{"@type":"ImageObject","inLanguage":"en-US","@id":"https:\/\/tipykeyboard.com\/en\/my-account\/#primaryimage","url":"https:\/\/tipykeyboard.com\/wp-content\/uploads\/2018\/04\/\u200eTiPY-Keyboard-onehand-einhand-Homepage-lr.png","contentUrl":"https:\/\/tipykeyboard.com\/wp-content\/uploads\/2018\/04\/\u200eTiPY-Keyboard-onehand-einhand-Homepage-lr.png","width":1200,"height":630,"caption":"Tipy, Keyboard, Tastatur, Einhand, Einhandtastatur, Hand, One, Computer, Barrierefrei, disabled, one handed keyboard, single, amputee, Behinderung, Eingabeger\u00e4t, single handed keyboard,input device, handed, Rechtsh\u00e4nder, Linksh\u00e4nder, Einh\u00e4nder, Links, Rechts, Right, Left, Schule, School, Five, finger, typing, Bildung, Inklusion, Presse"},{"@type":"BreadcrumbList","@id":"https:\/\/tipykeyboard.com\/en\/my-account\/#breadcrumb","itemListElement":[{"@type":"ListItem","position":1,"name":"Startseite","item":"https:\/\/tipykeyboard.com\/en\/"},{"@type":"ListItem","position":2,"name":"My Account"}]},{"@type":"WebSite","@id":"https:\/\/tipykeyboard.com\/en\/#website","url":"https:\/\/tipykeyboard.com\/en\/","name":"Tipy Keyboard","description":"Eine Tastatur Eine Hand","publisher":{"@id":"https:\/\/tipykeyboard.com\/en\/#organization"},"alternateName":"TiPY","potentialAction":[{"@type":"SearchAction","target":{"@type":"EntryPoint","urlTemplate":"https:\/\/tipykeyboard.com\/en\/?s={search_term_string}"},"query-input":{"@type":"PropertyValueSpecification","valueRequired":true,"valueName":"search_term_string"}}],"inLanguage":"en-US"},{"@type":"Organization","@id":"https:\/\/tipykeyboard.com\/en\/#organization","name":"TiPY Keyboard","alternateName":"TiPY","url":"https:\/\/tipykeyboard.com\/en\/","logo":{"@type":"ImageObject","inLanguage":"en-US","@id":"https:\/\/tipykeyboard.com\/en\/#\/schema\/logo\/image\/","url":"https:\/\/tipykeyboard.com\/wp-content\/uploads\/2018\/04\/TiPY-Keyboard-Google-Logo2.png","contentUrl":"https:\/\/tipykeyboard.com\/wp-content\/uploads\/2018\/04\/TiPY-Keyboard-Google-Logo2.png","width":512,"height":512,"caption":"TiPY Keyboard"},"image":{"@id":"https:\/\/tipykeyboard.com\/en\/#\/schema\/logo\/image\/"},"sameAs":["https:\/\/www.facebook.com\/TiPYkeyboard","https:\/\/x.com\/TipyKeyboard"]}]}},"_links":{"self":[{"href":"https:\/\/tipykeyboard.com\/en\/wp-json\/wp\/v2\/pages\/8235","targetHints":{"allow":["GET"]}}],"collection":[{"href":"https:\/\/tipykeyboard.com\/en\/wp-json\/wp\/v2\/pages"}],"about":[{"href":"https:\/\/tipykeyboard.com\/en\/wp-json\/wp\/v2\/types\/page"}],"author":[{"embeddable":true,"href":"https:\/\/tipykeyboard.com\/en\/wp-json\/wp\/v2\/users\/1"}],"replies":[{"embeddable":true,"href":"https:\/\/tipykeyboard.com\/en\/wp-json\/wp\/v2\/comments?post=8235"}],"version-history":[{"count":24,"href":"https:\/\/tipykeyboard.com\/en\/wp-json\/wp\/v2\/pages\/8235\/revisions"}],"predecessor-version":[{"id":13720,"href":"https:\/\/tipykeyboard.com\/en\/wp-json\/wp\/v2\/pages\/8235\/revisions\/13720"}],"wp:featuredmedia":[{"embeddable":true,"href":"https:\/\/tipykeyboard.com\/en\/wp-json\/wp\/v2\/media\/10398"}],"wp:attachment":[{"href":"https:\/\/tipykeyboard.com\/en\/wp-json\/wp\/v2\/media?parent=8235"}],"curies":[{"name":"wp","href":"https:\/\/api.w.org\/{rel}","templated":true}]}}