{"id":10739,"date":"2023-10-09T11:50:43","date_gmt":"2023-10-09T09:50:43","guid":{"rendered":"https:\/\/tipykeyboard.com\/?post_type=product&#038;p=10739"},"modified":"2026-03-24T11:37:43","modified_gmt":"2026-03-24T10:37:43","slug":"tipy-keyboard-case-grey","status":"publish","type":"product","link":"https:\/\/tipykeyboard.com\/en\/produkt\/tipy-keyboard-case-grey\/","title":{"rendered":"TiPY Keyboard Case Grey"},"content":{"rendered":"","protected":false},"excerpt":{"rendered":"<p class=\"p1\"><span style=\"color: #0000ff;\"><strong>Aid no.: 16.99.99.0003<\/strong><\/span><br \/>\nGTIN\/EAN 9120105220026<\/p>\n<p class=\"p1\">Worldwide shipping.<\/p>\n<p class=\"p1\">TiPY is also available directly in your country. <a href=\"https:\/\/tipykeyboard.com\/en\/reseller\/\">Reseller<\/a>.<\/p>\n<p class=\"p1\">The TiPY keyboard case grey is a carrying case specially made for the TiPY keyboard. It fits perfectly and protects the TiPY keyboard from external damage and dirt with a light padding.<\/p>\n<p class=\"p1\">The TiPY case has a small pocket inside for a USB C cable.<\/p>\n<p class=\"p1\">Delivery is made with shipping confirmation by mail.<br \/>\nFor orders on account please contact <a href=\"mailto:info@tipykeyboard.com\">info@tipykeyboard.com<\/a><\/p>\n<p> &hellip; <a href=\"https:\/\/tipykeyboard.com\/en\/produkt\/tipy-keyboard-case-grey\/\">Read More<\/a><\/p>\n","protected":false},"featured_media":10859,"template":"","meta":[],"product_brand":[],"product_cat":[395],"product_tag":[],"class_list":{"0":"post-10739","1":"product","2":"type-product","3":"status-publish","4":"has-post-thumbnail","6":"product_cat-accessories","8":"first","9":"instock","10":"taxable","11":"shipping-taxable","12":"purchasable","13":"product-type-simple"},"yoast_head":"<!-- This site is optimized with the Yoast SEO plugin v27.3 - https:\/\/yoast.com\/product\/yoast-seo-wordpress\/ -->\n<title>TiPY Keyboard Case Grey &#8211; Tipy Keyboard<\/title>\n<meta name=\"robots\" content=\"index, follow, max-snippet:-1, max-image-preview:large, max-video-preview:-1\" \/>\n<link rel=\"canonical\" href=\"https:\/\/tipykeyboard.com\/en\/produkt\/tipy-keyboard-case-grey\/\" \/>\n<meta property=\"og:locale\" content=\"en_US\" \/>\n<meta property=\"og:type\" content=\"article\" \/>\n<meta property=\"og:title\" content=\"TiPY Keyboard Case Grey &#8211; Tipy Keyboard\" \/>\n<meta property=\"og:description\" content=\"Aid no.: 16.99.99.0003 GTIN\/EAN 9120105220026 Worldwide shipping. TiPY is also available directly in your country. Reseller. The TiPY keyboard case grey is a carrying case specially made for the TiPY keyboard. It fits perfectly and protects the TiPY keyboard from external damage and dirt with a light padding. The TiPY case has a small pocket inside for a USB C cable. Delivery is made with shipping confirmation by mail. For orders on account please contact info@tipykeyboard.com &hellip; Read More\" \/>\n<meta property=\"og:url\" content=\"https:\/\/tipykeyboard.com\/en\/produkt\/tipy-keyboard-case-grey\/\" \/>\n<meta property=\"og:site_name\" content=\"Tipy Keyboard\" \/>\n<meta property=\"article:publisher\" content=\"https:\/\/www.facebook.com\/TiPYkeyboard\" \/>\n<meta property=\"article:modified_time\" content=\"2026-03-24T10:37:43+00:00\" \/>\n<meta property=\"og:image\" content=\"https:\/\/tipykeyboard.com\/wp-content\/uploads\/2023\/09\/TiPY-Keyboard-Case-Grey-Front-2.png\" \/>\n\t<meta property=\"og:image:width\" content=\"1024\" \/>\n\t<meta property=\"og:image:height\" content=\"1024\" \/>\n\t<meta property=\"og:image:type\" content=\"image\/png\" \/>\n<meta name=\"twitter:card\" content=\"summary_large_image\" \/>\n<meta name=\"twitter:site\" content=\"@TipyKeyboard\" \/>\n<meta name=\"twitter:label1\" content=\"Est. reading time\" \/>\n\t<meta name=\"twitter:data1\" content=\"1 minute\" \/>\n<script type=\"application\/ld+json\" class=\"yoast-schema-graph\">{\"@context\":\"https:\\\/\\\/schema.org\",\"@graph\":[{\"@type\":\"WebPage\",\"@id\":\"https:\\\/\\\/tipykeyboard.com\\\/en\\\/produkt\\\/tipy-keyboard-case-grey\\\/\",\"url\":\"https:\\\/\\\/tipykeyboard.com\\\/en\\\/produkt\\\/tipy-keyboard-case-grey\\\/\",\"name\":\"TiPY Keyboard Case Grey &#8211; Tipy Keyboard\",\"isPartOf\":{\"@id\":\"https:\\\/\\\/tipykeyboard.com\\\/en\\\/#website\"},\"primaryImageOfPage\":{\"@id\":\"https:\\\/\\\/tipykeyboard.com\\\/en\\\/produkt\\\/tipy-keyboard-case-grey\\\/#primaryimage\"},\"image\":{\"@id\":\"https:\\\/\\\/tipykeyboard.com\\\/en\\\/produkt\\\/tipy-keyboard-case-grey\\\/#primaryimage\"},\"thumbnailUrl\":\"https:\\\/\\\/tipykeyboard.com\\\/wp-content\\\/uploads\\\/2023\\\/09\\\/TiPY-Keyboard-Case-Grey-Front-2.png\",\"datePublished\":\"2023-10-09T09:50:43+00:00\",\"dateModified\":\"2026-03-24T10:37:43+00:00\",\"breadcrumb\":{\"@id\":\"https:\\\/\\\/tipykeyboard.com\\\/en\\\/produkt\\\/tipy-keyboard-case-grey\\\/#breadcrumb\"},\"inLanguage\":\"en-US\",\"potentialAction\":[{\"@type\":\"ReadAction\",\"target\":[\"https:\\\/\\\/tipykeyboard.com\\\/en\\\/produkt\\\/tipy-keyboard-case-grey\\\/\"]}]},{\"@type\":\"ImageObject\",\"inLanguage\":\"en-US\",\"@id\":\"https:\\\/\\\/tipykeyboard.com\\\/en\\\/produkt\\\/tipy-keyboard-case-grey\\\/#primaryimage\",\"url\":\"https:\\\/\\\/tipykeyboard.com\\\/wp-content\\\/uploads\\\/2023\\\/09\\\/TiPY-Keyboard-Case-Grey-Front-2.png\",\"contentUrl\":\"https:\\\/\\\/tipykeyboard.com\\\/wp-content\\\/uploads\\\/2023\\\/09\\\/TiPY-Keyboard-Case-Grey-Front-2.png\",\"width\":1024,\"height\":1024,\"caption\":\"Tipy, Keyboard, Tastatur, Einhand, Einhandtastatur, Hand, One, Computer, Barrierefrei, disabled, one handed keyboard, single, amputee, Behinderung, Eingabeger\u00e4t, single handed keyboard,input device, handed, Rechtsh\u00e4nder, Linksh\u00e4nder, Einh\u00e4nder, Links, Rechts, Right, Left, Schule, School, Five, finger, typing, Bildung, Inklusion, Tasche, case\"},{\"@type\":\"BreadcrumbList\",\"@id\":\"https:\\\/\\\/tipykeyboard.com\\\/en\\\/produkt\\\/tipy-keyboard-case-grey\\\/#breadcrumb\",\"itemListElement\":[{\"@type\":\"ListItem\",\"position\":1,\"name\":\"Startseite\",\"item\":\"https:\\\/\\\/tipykeyboard.com\\\/en\\\/\"},{\"@type\":\"ListItem\",\"position\":2,\"name\":\"Shop\",\"item\":\"https:\\\/\\\/tipykeyboard.com\\\/en\\\/shop_en\\\/\"},{\"@type\":\"ListItem\",\"position\":3,\"name\":\"TiPY Keyboard Case Grey\"}]},{\"@type\":\"WebSite\",\"@id\":\"https:\\\/\\\/tipykeyboard.com\\\/en\\\/#website\",\"url\":\"https:\\\/\\\/tipykeyboard.com\\\/en\\\/\",\"name\":\"Tipy Keyboard\",\"description\":\"Eine Tastatur Eine Hand\",\"publisher\":{\"@id\":\"https:\\\/\\\/tipykeyboard.com\\\/en\\\/#organization\"},\"alternateName\":\"TiPY\",\"potentialAction\":[{\"@type\":\"SearchAction\",\"target\":{\"@type\":\"EntryPoint\",\"urlTemplate\":\"https:\\\/\\\/tipykeyboard.com\\\/en\\\/?s={search_term_string}\"},\"query-input\":{\"@type\":\"PropertyValueSpecification\",\"valueRequired\":true,\"valueName\":\"search_term_string\"}}],\"inLanguage\":\"en-US\"},{\"@type\":\"Organization\",\"@id\":\"https:\\\/\\\/tipykeyboard.com\\\/en\\\/#organization\",\"name\":\"TiPY Keyboard\",\"alternateName\":\"TiPY\",\"url\":\"https:\\\/\\\/tipykeyboard.com\\\/en\\\/\",\"logo\":{\"@type\":\"ImageObject\",\"inLanguage\":\"en-US\",\"@id\":\"https:\\\/\\\/tipykeyboard.com\\\/en\\\/#\\\/schema\\\/logo\\\/image\\\/\",\"url\":\"https:\\\/\\\/tipykeyboard.com\\\/wp-content\\\/uploads\\\/2018\\\/04\\\/TiPY-Keyboard-Google-Logo2.png\",\"contentUrl\":\"https:\\\/\\\/tipykeyboard.com\\\/wp-content\\\/uploads\\\/2018\\\/04\\\/TiPY-Keyboard-Google-Logo2.png\",\"width\":512,\"height\":512,\"caption\":\"TiPY Keyboard\"},\"image\":{\"@id\":\"https:\\\/\\\/tipykeyboard.com\\\/en\\\/#\\\/schema\\\/logo\\\/image\\\/\"},\"sameAs\":[\"https:\\\/\\\/www.facebook.com\\\/TiPYkeyboard\",\"https:\\\/\\\/x.com\\\/TipyKeyboard\"]}]}<\/script>\n<!-- \/ Yoast SEO plugin. -->","yoast_head_json":{"title":"TiPY Keyboard Case Grey &#8211; Tipy Keyboard","robots":{"index":"index","follow":"follow","max-snippet":"max-snippet:-1","max-image-preview":"max-image-preview:large","max-video-preview":"max-video-preview:-1"},"canonical":"https:\/\/tipykeyboard.com\/en\/produkt\/tipy-keyboard-case-grey\/","og_locale":"en_US","og_type":"article","og_title":"TiPY Keyboard Case Grey &#8211; Tipy Keyboard","og_description":"Aid no.: 16.99.99.0003 GTIN\/EAN 9120105220026 Worldwide shipping. TiPY is also available directly in your country. Reseller. The TiPY keyboard case grey is a carrying case specially made for the TiPY keyboard. It fits perfectly and protects the TiPY keyboard from external damage and dirt with a light padding. The TiPY case has a small pocket inside for a USB C cable. Delivery is made with shipping confirmation by mail. For orders on account please contact info@tipykeyboard.com &hellip; Read More","og_url":"https:\/\/tipykeyboard.com\/en\/produkt\/tipy-keyboard-case-grey\/","og_site_name":"Tipy Keyboard","article_publisher":"https:\/\/www.facebook.com\/TiPYkeyboard","article_modified_time":"2026-03-24T10:37:43+00:00","og_image":[{"width":1024,"height":1024,"url":"https:\/\/tipykeyboard.com\/wp-content\/uploads\/2023\/09\/TiPY-Keyboard-Case-Grey-Front-2.png","type":"image\/png"}],"twitter_card":"summary_large_image","twitter_site":"@TipyKeyboard","twitter_misc":{"Est. reading time":"1 minute"},"schema":{"@context":"https:\/\/schema.org","@graph":[{"@type":"WebPage","@id":"https:\/\/tipykeyboard.com\/en\/produkt\/tipy-keyboard-case-grey\/","url":"https:\/\/tipykeyboard.com\/en\/produkt\/tipy-keyboard-case-grey\/","name":"TiPY Keyboard Case Grey &#8211; Tipy Keyboard","isPartOf":{"@id":"https:\/\/tipykeyboard.com\/en\/#website"},"primaryImageOfPage":{"@id":"https:\/\/tipykeyboard.com\/en\/produkt\/tipy-keyboard-case-grey\/#primaryimage"},"image":{"@id":"https:\/\/tipykeyboard.com\/en\/produkt\/tipy-keyboard-case-grey\/#primaryimage"},"thumbnailUrl":"https:\/\/tipykeyboard.com\/wp-content\/uploads\/2023\/09\/TiPY-Keyboard-Case-Grey-Front-2.png","datePublished":"2023-10-09T09:50:43+00:00","dateModified":"2026-03-24T10:37:43+00:00","breadcrumb":{"@id":"https:\/\/tipykeyboard.com\/en\/produkt\/tipy-keyboard-case-grey\/#breadcrumb"},"inLanguage":"en-US","potentialAction":[{"@type":"ReadAction","target":["https:\/\/tipykeyboard.com\/en\/produkt\/tipy-keyboard-case-grey\/"]}]},{"@type":"ImageObject","inLanguage":"en-US","@id":"https:\/\/tipykeyboard.com\/en\/produkt\/tipy-keyboard-case-grey\/#primaryimage","url":"https:\/\/tipykeyboard.com\/wp-content\/uploads\/2023\/09\/TiPY-Keyboard-Case-Grey-Front-2.png","contentUrl":"https:\/\/tipykeyboard.com\/wp-content\/uploads\/2023\/09\/TiPY-Keyboard-Case-Grey-Front-2.png","width":1024,"height":1024,"caption":"Tipy, Keyboard, Tastatur, Einhand, Einhandtastatur, Hand, One, Computer, Barrierefrei, disabled, one handed keyboard, single, amputee, Behinderung, Eingabeger\u00e4t, single handed keyboard,input device, handed, Rechtsh\u00e4nder, Linksh\u00e4nder, Einh\u00e4nder, Links, Rechts, Right, Left, Schule, School, Five, finger, typing, Bildung, Inklusion, Tasche, case"},{"@type":"BreadcrumbList","@id":"https:\/\/tipykeyboard.com\/en\/produkt\/tipy-keyboard-case-grey\/#breadcrumb","itemListElement":[{"@type":"ListItem","position":1,"name":"Startseite","item":"https:\/\/tipykeyboard.com\/en\/"},{"@type":"ListItem","position":2,"name":"Shop","item":"https:\/\/tipykeyboard.com\/en\/shop_en\/"},{"@type":"ListItem","position":3,"name":"TiPY Keyboard Case Grey"}]},{"@type":"WebSite","@id":"https:\/\/tipykeyboard.com\/en\/#website","url":"https:\/\/tipykeyboard.com\/en\/","name":"Tipy Keyboard","description":"Eine Tastatur Eine Hand","publisher":{"@id":"https:\/\/tipykeyboard.com\/en\/#organization"},"alternateName":"TiPY","potentialAction":[{"@type":"SearchAction","target":{"@type":"EntryPoint","urlTemplate":"https:\/\/tipykeyboard.com\/en\/?s={search_term_string}"},"query-input":{"@type":"PropertyValueSpecification","valueRequired":true,"valueName":"search_term_string"}}],"inLanguage":"en-US"},{"@type":"Organization","@id":"https:\/\/tipykeyboard.com\/en\/#organization","name":"TiPY Keyboard","alternateName":"TiPY","url":"https:\/\/tipykeyboard.com\/en\/","logo":{"@type":"ImageObject","inLanguage":"en-US","@id":"https:\/\/tipykeyboard.com\/en\/#\/schema\/logo\/image\/","url":"https:\/\/tipykeyboard.com\/wp-content\/uploads\/2018\/04\/TiPY-Keyboard-Google-Logo2.png","contentUrl":"https:\/\/tipykeyboard.com\/wp-content\/uploads\/2018\/04\/TiPY-Keyboard-Google-Logo2.png","width":512,"height":512,"caption":"TiPY Keyboard"},"image":{"@id":"https:\/\/tipykeyboard.com\/en\/#\/schema\/logo\/image\/"},"sameAs":["https:\/\/www.facebook.com\/TiPYkeyboard","https:\/\/x.com\/TipyKeyboard"]}]}},"_links":{"self":[{"href":"https:\/\/tipykeyboard.com\/en\/wp-json\/wp\/v2\/product\/10739","targetHints":{"allow":["GET"]}}],"collection":[{"href":"https:\/\/tipykeyboard.com\/en\/wp-json\/wp\/v2\/product"}],"about":[{"href":"https:\/\/tipykeyboard.com\/en\/wp-json\/wp\/v2\/types\/product"}],"version-history":[{"count":7,"href":"https:\/\/tipykeyboard.com\/en\/wp-json\/wp\/v2\/product\/10739\/revisions"}],"predecessor-version":[{"id":12985,"href":"https:\/\/tipykeyboard.com\/en\/wp-json\/wp\/v2\/product\/10739\/revisions\/12985"}],"wp:featuredmedia":[{"embeddable":true,"href":"https:\/\/tipykeyboard.com\/en\/wp-json\/wp\/v2\/media\/10859"}],"wp:attachment":[{"href":"https:\/\/tipykeyboard.com\/en\/wp-json\/wp\/v2\/media?parent=10739"}],"wp:term":[{"taxonomy":"product_brand","embeddable":true,"href":"https:\/\/tipykeyboard.com\/en\/wp-json\/wp\/v2\/product_brand?post=10739"},{"taxonomy":"product_cat","embeddable":true,"href":"https:\/\/tipykeyboard.com\/en\/wp-json\/wp\/v2\/product_cat?post=10739"},{"taxonomy":"product_tag","embeddable":true,"href":"https:\/\/tipykeyboard.com\/en\/wp-json\/wp\/v2\/product_tag?post=10739"}],"curies":[{"name":"wp","href":"https:\/\/api.w.org\/{rel}","templated":true}]}}